{"id":32,"date":"2025-11-03T15:43:02","date_gmt":"2025-11-03T14:43:02","guid":{"rendered":"http:\/\/quendor-sauvegarde.local\/?page_id=32"},"modified":"2026-03-05T12:59:42","modified_gmt":"2026-03-05T11:59:42","slug":"nos-prestations","status":"publish","type":"page","link":"https:\/\/troupequendor.fr\/en\/nos-prestations\/","title":{"rendered":"Our services"},"content":{"rendered":"<!-- Google Tag Manager (noscript) -->\n<noscript><iframe src=\"https:\/\/www.googletagmanager.com\/ns.html?id=GTM-MKZXFZC8\"\nheight=\"0\" width=\"0\" style=\"display:none;visibility:hidden\"><\/iframe><\/noscript>\n<!-- End Google Tag Manager (noscript) -->\n\n\n<div class=\"wp-block-group alignfull has-global-padding is-layout-constrained wp-block-group-is-layout-constrained\" id=\"spectacles\" style=\"margin-top:0;margin-bottom:0;padding-top:var(--wp--preset--spacing--50);padding-bottom:var(--wp--preset--spacing--50)\">\n<div class=\"wp-block-columns alignwide is-layout-flex wp-container-core-columns-is-layout-47c06fe3 wp-block-columns-is-layout-flex\">\n<div class=\"wp-block-column is-layout-flow wp-block-column-is-layout-flow\" style=\"flex-basis:56%\">\n<figure class=\"wp-block-image size-full\"><img loading=\"lazy\" decoding=\"async\" width=\"2560\" height=\"1708\" src=\"http:\/\/quendor-sauvegarde.local\/wp-content\/uploads\/2025\/11\/7c210712d7f34ee0934c5910a3442f4d-scaled.webp\" alt=\"\" class=\"wp-image-69\" style=\"aspect-ratio:1;object-fit:cover\" srcset=\"https:\/\/troupequendor.fr\/wp-content\/uploads\/2025\/11\/7c210712d7f34ee0934c5910a3442f4d-scaled.webp 2560w, https:\/\/troupequendor.fr\/wp-content\/uploads\/2025\/11\/7c210712d7f34ee0934c5910a3442f4d-300x200.webp 300w, https:\/\/troupequendor.fr\/wp-content\/uploads\/2025\/11\/7c210712d7f34ee0934c5910a3442f4d-1024x683.webp 1024w, https:\/\/troupequendor.fr\/wp-content\/uploads\/2025\/11\/7c210712d7f34ee0934c5910a3442f4d-768x512.webp 768w, https:\/\/troupequendor.fr\/wp-content\/uploads\/2025\/11\/7c210712d7f34ee0934c5910a3442f4d-1536x1025.webp 1536w, https:\/\/troupequendor.fr\/wp-content\/uploads\/2025\/11\/7c210712d7f34ee0934c5910a3442f4d-2048x1366.webp 2048w\" sizes=\"auto, (max-width: 2560px) 100vw, 2560px\" \/><\/figure>\n<\/div>\n\n\n\n<div class=\"wp-block-column is-vertically-aligned-center is-layout-flow wp-container-core-column-is-layout-119bc444 wp-block-column-is-layout-flow\">\n<h2 class=\"wp-block-heading has-xx-large-font-size\">Horse show<\/h2>\n\n\n\n<p>Supported by a mainly Iberian cavalry, the troupe excels in all disciplines of equestrian art: medieval tournaments, stunts, vaulting, liberty. Each performance is a tribute to the grace, power, and bond between man and horse.<\/p>\n\n\n\n<p>At the heart of our creations, live performances also bring together dancers, acrobats, actors, fire jugglers, and aerial artists.&nbsp;<\/p>\n\n\n\n<p>Together, they bring to life captivating scenes where bodies, horses, and light unite to convey a single emotion.<\/p>\n\n\n\n<div class=\"wp-block-buttons is-layout-flex wp-block-buttons-is-layout-flex\">\n<div class=\"wp-block-button\"><a class=\"wp-block-button__link has-contrast-color has-custom-color-3-background-color has-text-color has-background has-link-color wp-element-button\" href=\"https:\/\/troupequendor.fr\/en\/spectacles\/\">DISCOVER OUR SHOWS<\/a><\/div>\n<\/div>\n<\/div>\n<\/div>\n<\/div>\n\n\n\n<div class=\"wp-block-group alignfull is-style-section-1 has-global-padding is-layout-constrained wp-block-group-is-layout-constrained is-style-section-1--1\" id=\"pyrotechnie\" style=\"margin-top:0;margin-bottom:0\">\n<div class=\"wp-block-group alignwide is-style-default is-layout-grid wp-container-core-group-is-layout-7f090ef6 wp-block-group-is-layout-grid\" style=\"padding-top:var(--wp--preset--spacing--50);padding-bottom:var(--wp--preset--spacing--50)\">\n<div class=\"wp-block-group wp-container-content-dc4b5f0a is-vertical is-content-justification-stretch is-nowrap is-layout-flex wp-container-core-group-is-layout-627337ab wp-block-group-is-layout-flex\">\n<div class=\"wp-block-group is-vertical is-content-justification-left is-layout-flex wp-container-core-group-is-layout-dd225191 wp-block-group-is-layout-flex\">\n<h2 class=\"wp-block-heading has-xx-large-font-size\">Pyrotechnics <\/h2>\n\n\n\n<div style=\"height:77px\" aria-hidden=\"true\" class=\"wp-block-spacer wp-container-content-765da3b9\"><\/div>\n\n\n\n<p class=\"is-style-text-subtitle has-large-font-size is-style-text-subtitle--2\">Over the years, Quendor has developed unique expertise in creating sound and light shows and pyrotechnic displays, giving rise to immersive universe where equestrian art meets magic.<\/p>\n\n\n\n<div style=\"height:77px\" aria-hidden=\"true\" class=\"wp-block-spacer wp-container-content-765da3b9\"><\/div>\n\n\n\n<figure class=\"wp-block-image size-large\"><img loading=\"lazy\" decoding=\"async\" width=\"1024\" height=\"683\" src=\"http:\/\/troupequendor.fr\/wp-content\/uploads\/2025\/12\/IMG_1484-1024x683.jpg\" alt=\"\" class=\"wp-image-912\" srcset=\"https:\/\/troupequendor.fr\/wp-content\/uploads\/2025\/12\/IMG_1484-1024x683.jpg 1024w, https:\/\/troupequendor.fr\/wp-content\/uploads\/2025\/12\/IMG_1484-300x200.jpg 300w, https:\/\/troupequendor.fr\/wp-content\/uploads\/2025\/12\/IMG_1484-768x512.jpg 768w, https:\/\/troupequendor.fr\/wp-content\/uploads\/2025\/12\/IMG_1484-1536x1024.jpg 1536w, https:\/\/troupequendor.fr\/wp-content\/uploads\/2025\/12\/IMG_1484-18x12.jpg 18w, https:\/\/troupequendor.fr\/wp-content\/uploads\/2025\/12\/IMG_1484.jpg 2048w\" sizes=\"auto, (max-width: 1024px) 100vw, 1024px\" \/><\/figure>\n<\/div>\n<\/div>\n\n\n\n<figure class=\"wp-block-image size-full\"><img loading=\"lazy\" decoding=\"async\" width=\"2048\" height=\"1536\" src=\"http:\/\/quendor-sauvegarde.local\/wp-content\/uploads\/2025\/11\/IMG_1134.jpg\" alt=\"\" class=\"wp-image-313\" style=\"aspect-ratio:3\/4;object-fit:cover\" srcset=\"https:\/\/troupequendor.fr\/wp-content\/uploads\/2025\/11\/IMG_1134.jpg 2048w, https:\/\/troupequendor.fr\/wp-content\/uploads\/2025\/11\/IMG_1134-300x225.jpg 300w, https:\/\/troupequendor.fr\/wp-content\/uploads\/2025\/11\/IMG_1134-1024x768.jpg 1024w, https:\/\/troupequendor.fr\/wp-content\/uploads\/2025\/11\/IMG_1134-768x576.jpg 768w, https:\/\/troupequendor.fr\/wp-content\/uploads\/2025\/11\/IMG_1134-1536x1152.jpg 1536w\" sizes=\"auto, (max-width: 2048px) 100vw, 2048px\" \/><\/figure>\n<\/div>\n<\/div>\n\n\n\n<div class=\"wp-block-group alignfull is-style-section-5 has-custom-color-3-background-color has-background has-global-padding is-layout-constrained wp-block-group-is-layout-constrained is-style-section-5--3\" id=\"shooting\" style=\"margin-top:0;margin-bottom:0;padding-top:var(--wp--preset--spacing--50);padding-bottom:var(--wp--preset--spacing--50)\">\n<div class=\"wp-block-columns alignwide is-style-section-5 has-custom-color-3-background-color has-background is-layout-flex wp-container-core-columns-is-layout-7ee84d44 wp-block-columns-is-layout-flex is-style-section-5--4\">\n<div class=\"wp-block-column is-vertically-aligned-center is-layout-flow wp-block-column-is-layout-flow\" style=\"flex-basis:50%\">\n<h2 class=\"wp-block-heading has-xx-large-font-size\">Shooting<\/h2>\n\n\n\n<p class=\"has-large-font-size\">Our horses love to pose for photos!<\/p>\n\n\n\n<p>Quendor offers photo shoots with its magnificent Iberian horses. Our horses will give all to help you to get the picture you want. Whether liberty, dressage, alone or accompanied, our horses are waiting for your camera.<\/p>\n\n\n\n<p class=\"has-large-font-size\">Between elegance, power, and poetry, each photograph becomes an encounter between humans, horses, and light.<\/p>\n<\/div>\n\n\n\n<div class=\"wp-block-column is-vertically-aligned-center is-layout-flow wp-block-column-is-layout-flow\" style=\"flex-basis:50%\">\n<figure class=\"wp-block-image size-full\"><img loading=\"lazy\" decoding=\"async\" width=\"2560\" height=\"2560\" src=\"http:\/\/quendor-sauvegarde.local\/wp-content\/uploads\/2025\/12\/IMG_1425-scaled.jpg\" alt=\"\" class=\"wp-image-959\" style=\"aspect-ratio:1;object-fit:cover\" srcset=\"https:\/\/troupequendor.fr\/wp-content\/uploads\/2025\/12\/IMG_1425-scaled.jpg 2560w, https:\/\/troupequendor.fr\/wp-content\/uploads\/2025\/12\/IMG_1425-300x300.jpg 300w, https:\/\/troupequendor.fr\/wp-content\/uploads\/2025\/12\/IMG_1425-1024x1024.jpg 1024w, https:\/\/troupequendor.fr\/wp-content\/uploads\/2025\/12\/IMG_1425-150x150.jpg 150w, https:\/\/troupequendor.fr\/wp-content\/uploads\/2025\/12\/IMG_1425-768x768.jpg 768w, https:\/\/troupequendor.fr\/wp-content\/uploads\/2025\/12\/IMG_1425-1536x1536.jpg 1536w, https:\/\/troupequendor.fr\/wp-content\/uploads\/2025\/12\/IMG_1425-2048x2048.jpg 2048w, https:\/\/troupequendor.fr\/wp-content\/uploads\/2025\/12\/IMG_1425-12x12.jpg 12w\" sizes=\"auto, (max-width: 2560px) 100vw, 2560px\" \/><\/figure>\n<\/div>\n<\/div>\n<\/div>\n\n\n\n<div class=\"wp-block-group alignfull is-style-default has-global-padding is-layout-constrained wp-block-group-is-layout-constrained\" id=\"cinema\" style=\"margin-top:0;margin-bottom:0;padding-top:var(--wp--preset--spacing--80);padding-bottom:var(--wp--preset--spacing--80)\">\n<div class=\"wp-block-columns alignwide is-layout-flex wp-container-core-columns-is-layout-66fad18a wp-block-columns-is-layout-flex\">\n<div class=\"wp-block-column is-layout-flow wp-block-column-is-layout-flow\" style=\"padding-right:var(--wp--preset--spacing--50);flex-basis:45%\">\n<figure class=\"wp-block-image size-full\"><img loading=\"lazy\" decoding=\"async\" width=\"1102\" height=\"814\" src=\"http:\/\/quendor-sauvegarde.local\/wp-content\/uploads\/2025\/11\/IMG_1166.jpg\" alt=\"\" class=\"wp-image-466\" srcset=\"https:\/\/troupequendor.fr\/wp-content\/uploads\/2025\/11\/IMG_1166.jpg 1102w, https:\/\/troupequendor.fr\/wp-content\/uploads\/2025\/11\/IMG_1166-300x222.jpg 300w, https:\/\/troupequendor.fr\/wp-content\/uploads\/2025\/11\/IMG_1166-1024x756.jpg 1024w, https:\/\/troupequendor.fr\/wp-content\/uploads\/2025\/11\/IMG_1166-768x567.jpg 768w\" sizes=\"auto, (max-width: 1102px) 100vw, 1102px\" \/><\/figure>\n<\/div>\n\n\n\n<div class=\"wp-block-column is-vertically-aligned-center is-layout-flow wp-block-column-is-layout-flow\" style=\"padding-right:0;padding-left:0;flex-basis:50%\">\n<h2 class=\"wp-block-heading has-xx-large-font-size\">Cinema<\/h2>\n\n\n\n<p class=\"is-style-text-subtitle has-large-font-size is-style-text-subtitle--5\">With the experience of its artists, Quendor puts its expertise at the service of cinema.<\/p>\n\n\n\n<p class=\"is-style-text-subtitle has-large-font-size is-style-text-subtitle--6\">Our cavalry and riders adapt to all types of productions: stunts, dubbing, action and fight scenes, and even acting horses, lending authenticity and mastery to every shoot.<\/p>\n<\/div>\n<\/div>\n<\/div>\n\n\n\n<div class=\"wp-block-group alignfull is-style-section-1 has-global-padding is-layout-constrained wp-block-group-is-layout-constrained is-style-section-1--7\" id=\"formations\" style=\"margin-top:0;margin-bottom:0;padding-top:var(--wp--preset--spacing--50);padding-bottom:var(--wp--preset--spacing--50)\">\n<div class=\"wp-block-columns alignwide is-style-section-1 is-layout-flex wp-container-core-columns-is-layout-fa584acd wp-block-columns-is-layout-flex is-style-section-1--8\">\n<div class=\"wp-block-column is-vertically-aligned-center is-layout-flow wp-block-column-is-layout-flow\">\n<h2 class=\"wp-block-heading has-xx-large-font-size\">Training<\/h2>\n\n\n\n<p class=\"has-large-font-size\">Since it was founded, Quendor has trained more than a dozen professional equestrian artists and continues to help kids, teens, and adults learn about theater, vaulting, stunts, and pyrotechnics.<\/p>\n\n\n\n<p class=\"has-large-font-size\">A school open to everyone, whether you are a professional looking to increase your knowledge, an actor wanting to add a new string to your bow, or a novice in search of something new... Whether you dream of making it your career or simply want to try it out, Quendor welcomes you with open arms!<\/p>\n<\/div>\n\n\n\n<div class=\"wp-block-column is-vertically-aligned-center is-layout-flow wp-block-column-is-layout-flow\">\n<figure class=\"wp-block-image size-full\"><img loading=\"lazy\" decoding=\"async\" width=\"2560\" height=\"1090\" src=\"http:\/\/quendor-sauvegarde.local\/wp-content\/uploads\/2025\/12\/11082019-20190811_1487_MK_MK-scaled.jpg\" alt=\"\" class=\"wp-image-982\" style=\"aspect-ratio:1;object-fit:cover\" srcset=\"https:\/\/troupequendor.fr\/wp-content\/uploads\/2025\/12\/11082019-20190811_1487_MK_MK-scaled.jpg 2560w, https:\/\/troupequendor.fr\/wp-content\/uploads\/2025\/12\/11082019-20190811_1487_MK_MK-300x128.jpg 300w, https:\/\/troupequendor.fr\/wp-content\/uploads\/2025\/12\/11082019-20190811_1487_MK_MK-1024x436.jpg 1024w, https:\/\/troupequendor.fr\/wp-content\/uploads\/2025\/12\/11082019-20190811_1487_MK_MK-768x327.jpg 768w, https:\/\/troupequendor.fr\/wp-content\/uploads\/2025\/12\/11082019-20190811_1487_MK_MK-1536x654.jpg 1536w, https:\/\/troupequendor.fr\/wp-content\/uploads\/2025\/12\/11082019-20190811_1487_MK_MK-2048x872.jpg 2048w, https:\/\/troupequendor.fr\/wp-content\/uploads\/2025\/12\/11082019-20190811_1487_MK_MK-18x8.jpg 18w\" sizes=\"auto, (max-width: 2560px) 100vw, 2560px\" \/><\/figure>\n<\/div>\n<\/div>\n<\/div>\n\n\n\n<p><\/p>","protected":false},"excerpt":{"rendered":"<p>Spectacles \u00e9questre Port\u00e9e par une cavalerie majoritairement ib\u00e9rique, la troupe excelle dans toutes les disciplines de l\u2019art \u00e9questre : dressage, tournois m\u00e9di\u00e9vaux, cascades, voltige, travail \u00e0 pied ou en libert\u00e9. Chaque repr\u00e9sentation est un hommage \u00e0 la gr\u00e2ce, \u00e0 la puissance et \u00e0 la complicit\u00e9 entre l\u2019homme et le cheval. Au c\u0153ur de nos cr\u00e9ations, [&hellip;]<\/p>\n","protected":false},"author":1,"featured_media":0,"parent":0,"menu_order":0,"comment_status":"closed","ping_status":"closed","template":"","meta":{"_acf_changed":false,"footnotes":""},"class_list":["post-32","page","type-page","status-publish","hentry"],"acf":[],"mb":[],"yoast_head":"<!-- This site is optimized with the Yoast SEO plugin v27.2 - https:\/\/yoast.com\/product\/yoast-seo-wordpress\/ -->\n<title>Nos prestations - Troupe Quendor<\/title>\n<meta name=\"description\" content=\"D\u00e9couvrez l\u2019ensemble des prestations propos\u00e9es par la troupe Quendor. Entre spectacles \u00e9questre, pyrotechnie ou formations!\" \/>\n<meta name=\"robots\" content=\"index, follow, max-snippet:-1, max-image-preview:large, max-video-preview:-1\" \/>\n<link rel=\"canonical\" href=\"https:\/\/troupequendor.fr\/en\/nos-prestations\/\" \/>\n<meta property=\"og:locale\" content=\"en_US\" \/>\n<meta property=\"og:type\" content=\"article\" \/>\n<meta property=\"og:title\" content=\"Nos prestations - Troupe Quendor\" \/>\n<meta property=\"og:description\" content=\"D\u00e9couvrez l\u2019ensemble des prestations propos\u00e9es par la troupe Quendor. Entre spectacles \u00e9questre, pyrotechnie ou formations!\" \/>\n<meta property=\"og:url\" content=\"https:\/\/troupequendor.fr\/en\/nos-prestations\/\" \/>\n<meta property=\"og:site_name\" content=\"Troupe Quendor\" \/>\n<meta property=\"article:publisher\" content=\"https:\/\/www.facebook.com\/share\/1ADNRj7GgD\/?mibextid=wwXIfr\" \/>\n<meta property=\"article:modified_time\" content=\"2026-03-05T11:59:42+00:00\" \/>\n<meta property=\"og:image\" content=\"https:\/\/troupequendor.fr\/wp-content\/uploads\/2025\/11\/7c210712d7f34ee0934c5910a3442f4d-scaled.webp\" \/>\n\t<meta property=\"og:image:width\" content=\"2560\" \/>\n\t<meta property=\"og:image:height\" content=\"1708\" \/>\n\t<meta property=\"og:image:type\" content=\"image\/webp\" \/>\n<meta name=\"twitter:card\" content=\"summary_large_image\" \/>\n<script type=\"application\/ld+json\" class=\"yoast-schema-graph\">{\"@context\":\"https:\/\/schema.org\",\"@graph\":[{\"@type\":\"WebPage\",\"@id\":\"https:\/\/troupequendor.fr\/nos-prestations\/\",\"url\":\"https:\/\/troupequendor.fr\/nos-prestations\/\",\"name\":\"Nos prestations - Troupe Quendor\",\"isPartOf\":{\"@id\":\"https:\/\/troupequendor.fr\/#website\"},\"primaryImageOfPage\":{\"@id\":\"https:\/\/troupequendor.fr\/nos-prestations\/#primaryimage\"},\"image\":{\"@id\":\"https:\/\/troupequendor.fr\/nos-prestations\/#primaryimage\"},\"thumbnailUrl\":\"http:\/\/quendor-sauvegarde.local\/wp-content\/uploads\/2025\/11\/7c210712d7f34ee0934c5910a3442f4d-scaled.webp\",\"datePublished\":\"2025-11-03T14:43:02+00:00\",\"dateModified\":\"2026-03-05T11:59:42+00:00\",\"description\":\"D\u00e9couvrez l\u2019ensemble des prestations propos\u00e9es par la troupe Quendor. Entre spectacles \u00e9questre, pyrotechnie ou formations!\",\"breadcrumb\":{\"@id\":\"https:\/\/troupequendor.fr\/nos-prestations\/#breadcrumb\"},\"inLanguage\":\"en-US\",\"potentialAction\":[{\"@type\":\"ReadAction\",\"target\":[\"https:\/\/troupequendor.fr\/nos-prestations\/\"]}]},{\"@type\":\"ImageObject\",\"inLanguage\":\"en-US\",\"@id\":\"https:\/\/troupequendor.fr\/nos-prestations\/#primaryimage\",\"url\":\"http:\/\/quendor-sauvegarde.local\/wp-content\/uploads\/2025\/11\/7c210712d7f34ee0934c5910a3442f4d-scaled.webp\",\"contentUrl\":\"http:\/\/quendor-sauvegarde.local\/wp-content\/uploads\/2025\/11\/7c210712d7f34ee0934c5910a3442f4d-scaled.webp\"},{\"@type\":\"BreadcrumbList\",\"@id\":\"https:\/\/troupequendor.fr\/nos-prestations\/#breadcrumb\",\"itemListElement\":[{\"@type\":\"ListItem\",\"position\":1,\"name\":\"Accueil\",\"item\":\"https:\/\/troupequendor.fr\/\"},{\"@type\":\"ListItem\",\"position\":2,\"name\":\"Nos prestations\"}]},{\"@type\":\"WebSite\",\"@id\":\"https:\/\/troupequendor.fr\/#website\",\"url\":\"https:\/\/troupequendor.fr\/\",\"name\":\"Troupe Quendor\",\"description\":\"Spectacles \u00e9questres\",\"publisher\":{\"@id\":\"https:\/\/troupequendor.fr\/#organization\"},\"alternateName\":\"Quendor\",\"potentialAction\":[{\"@type\":\"SearchAction\",\"target\":{\"@type\":\"EntryPoint\",\"urlTemplate\":\"https:\/\/troupequendor.fr\/?s={search_term_string}\"},\"query-input\":{\"@type\":\"PropertyValueSpecification\",\"valueRequired\":true,\"valueName\":\"search_term_string\"}}],\"inLanguage\":\"en-US\"},{\"@type\":\"Organization\",\"@id\":\"https:\/\/troupequendor.fr\/#organization\",\"name\":\"Quendor\",\"url\":\"https:\/\/troupequendor.fr\/\",\"logo\":{\"@type\":\"ImageObject\",\"inLanguage\":\"en-US\",\"@id\":\"https:\/\/troupequendor.fr\/#\/schema\/logo\/image\/\",\"url\":\"https:\/\/troupequendor.fr\/wp-content\/uploads\/2025\/11\/Q_logo_spectacle_formation_gold.png\",\"contentUrl\":\"https:\/\/troupequendor.fr\/wp-content\/uploads\/2025\/11\/Q_logo_spectacle_formation_gold.png\",\"width\":1289,\"height\":552,\"caption\":\"Quendor\"},\"image\":{\"@id\":\"https:\/\/troupequendor.fr\/#\/schema\/logo\/image\/\"},\"sameAs\":[\"https:\/\/www.facebook.com\/share\/1ADNRj7GgD\/?mibextid=wwXIfr\",\"https:\/\/www.instagram.com\/troupequendor?igsh=MTJ0dTk4ZTI3bmV6dw==\",\"https:\/\/www.youtube.com\/@troupequendor8455\"]}]}<\/script>\n<!-- \/ Yoast SEO plugin. -->","yoast_head_json":{"title":"Nos prestations - Troupe Quendor","description":"D\u00e9couvrez l\u2019ensemble des prestations propos\u00e9es par la troupe Quendor. Entre spectacles \u00e9questre, pyrotechnie ou formations!","robots":{"index":"index","follow":"follow","max-snippet":"max-snippet:-1","max-image-preview":"max-image-preview:large","max-video-preview":"max-video-preview:-1"},"canonical":"https:\/\/troupequendor.fr\/en\/nos-prestations\/","og_locale":"en_US","og_type":"article","og_title":"Nos prestations - Troupe Quendor","og_description":"D\u00e9couvrez l\u2019ensemble des prestations propos\u00e9es par la troupe Quendor. Entre spectacles \u00e9questre, pyrotechnie ou formations!","og_url":"https:\/\/troupequendor.fr\/en\/nos-prestations\/","og_site_name":"Troupe Quendor","article_publisher":"https:\/\/www.facebook.com\/share\/1ADNRj7GgD\/?mibextid=wwXIfr","article_modified_time":"2026-03-05T11:59:42+00:00","og_image":[{"width":2560,"height":1708,"url":"https:\/\/troupequendor.fr\/wp-content\/uploads\/2025\/11\/7c210712d7f34ee0934c5910a3442f4d-scaled.webp","type":"image\/webp"}],"twitter_card":"summary_large_image","schema":{"@context":"https:\/\/schema.org","@graph":[{"@type":"WebPage","@id":"https:\/\/troupequendor.fr\/nos-prestations\/","url":"https:\/\/troupequendor.fr\/nos-prestations\/","name":"Nos prestations - Troupe Quendor","isPartOf":{"@id":"https:\/\/troupequendor.fr\/#website"},"primaryImageOfPage":{"@id":"https:\/\/troupequendor.fr\/nos-prestations\/#primaryimage"},"image":{"@id":"https:\/\/troupequendor.fr\/nos-prestations\/#primaryimage"},"thumbnailUrl":"http:\/\/quendor-sauvegarde.local\/wp-content\/uploads\/2025\/11\/7c210712d7f34ee0934c5910a3442f4d-scaled.webp","datePublished":"2025-11-03T14:43:02+00:00","dateModified":"2026-03-05T11:59:42+00:00","description":"D\u00e9couvrez l\u2019ensemble des prestations propos\u00e9es par la troupe Quendor. Entre spectacles \u00e9questre, pyrotechnie ou formations!","breadcrumb":{"@id":"https:\/\/troupequendor.fr\/nos-prestations\/#breadcrumb"},"inLanguage":"en-US","potentialAction":[{"@type":"ReadAction","target":["https:\/\/troupequendor.fr\/nos-prestations\/"]}]},{"@type":"ImageObject","inLanguage":"en-US","@id":"https:\/\/troupequendor.fr\/nos-prestations\/#primaryimage","url":"http:\/\/quendor-sauvegarde.local\/wp-content\/uploads\/2025\/11\/7c210712d7f34ee0934c5910a3442f4d-scaled.webp","contentUrl":"http:\/\/quendor-sauvegarde.local\/wp-content\/uploads\/2025\/11\/7c210712d7f34ee0934c5910a3442f4d-scaled.webp"},{"@type":"BreadcrumbList","@id":"https:\/\/troupequendor.fr\/nos-prestations\/#breadcrumb","itemListElement":[{"@type":"ListItem","position":1,"name":"Accueil","item":"https:\/\/troupequendor.fr\/"},{"@type":"ListItem","position":2,"name":"Nos prestations"}]},{"@type":"WebSite","@id":"https:\/\/troupequendor.fr\/#website","url":"https:\/\/troupequendor.fr\/","name":"Troupe Quendor","description":"Spectacles \u00e9questres","publisher":{"@id":"https:\/\/troupequendor.fr\/#organization"},"alternateName":"Quendor","potentialAction":[{"@type":"SearchAction","target":{"@type":"EntryPoint","urlTemplate":"https:\/\/troupequendor.fr\/?s={search_term_string}"},"query-input":{"@type":"PropertyValueSpecification","valueRequired":true,"valueName":"search_term_string"}}],"inLanguage":"en-US"},{"@type":"Organization","@id":"https:\/\/troupequendor.fr\/#organization","name":"Quendor","url":"https:\/\/troupequendor.fr\/","logo":{"@type":"ImageObject","inLanguage":"en-US","@id":"https:\/\/troupequendor.fr\/#\/schema\/logo\/image\/","url":"https:\/\/troupequendor.fr\/wp-content\/uploads\/2025\/11\/Q_logo_spectacle_formation_gold.png","contentUrl":"https:\/\/troupequendor.fr\/wp-content\/uploads\/2025\/11\/Q_logo_spectacle_formation_gold.png","width":1289,"height":552,"caption":"Quendor"},"image":{"@id":"https:\/\/troupequendor.fr\/#\/schema\/logo\/image\/"},"sameAs":["https:\/\/www.facebook.com\/share\/1ADNRj7GgD\/?mibextid=wwXIfr","https:\/\/www.instagram.com\/troupequendor?igsh=MTJ0dTk4ZTI3bmV6dw==","https:\/\/www.youtube.com\/@troupequendor8455"]}]}},"mfb_rest_fields":["title","yoast_head","yoast_head_json"],"_links":{"self":[{"href":"https:\/\/troupequendor.fr\/en\/wp-json\/wp\/v2\/pages\/32","targetHints":{"allow":["GET"]}}],"collection":[{"href":"https:\/\/troupequendor.fr\/en\/wp-json\/wp\/v2\/pages"}],"about":[{"href":"https:\/\/troupequendor.fr\/en\/wp-json\/wp\/v2\/types\/page"}],"author":[{"embeddable":true,"href":"https:\/\/troupequendor.fr\/en\/wp-json\/wp\/v2\/users\/1"}],"replies":[{"embeddable":true,"href":"https:\/\/troupequendor.fr\/en\/wp-json\/wp\/v2\/comments?post=32"}],"version-history":[{"count":31,"href":"https:\/\/troupequendor.fr\/en\/wp-json\/wp\/v2\/pages\/32\/revisions"}],"predecessor-version":[{"id":1176,"href":"https:\/\/troupequendor.fr\/en\/wp-json\/wp\/v2\/pages\/32\/revisions\/1176"}],"wp:attachment":[{"href":"https:\/\/troupequendor.fr\/en\/wp-json\/wp\/v2\/media?parent=32"}],"curies":[{"name":"wp","href":"https:\/\/api.w.org\/{rel}","templated":true}]}}