{"id":17,"date":"2025-11-03T14:56:37","date_gmt":"2025-11-03T13:56:37","guid":{"rendered":"http:\/\/quendor-sauvegarde.local\/?page_id=17"},"modified":"2026-03-13T12:21:01","modified_gmt":"2026-03-13T11:21:01","slug":"accueil","status":"publish","type":"page","link":"https:\/\/troupequendor.fr\/en\/","title":{"rendered":"Home"},"content":{"rendered":"<p><!-- Google Tag Manager (noscript) --><br \/>\n<noscript><iframe src=\"https:\/\/www.googletagmanager.com\/ns.html?id=GTM-MKZXFZC8\"\nheight=\"0\" width=\"0\" style=\"display:none;visibility:hidden\"><\/iframe><\/noscript><br \/>\n<!-- End Google Tag Manager (noscript) --><\/p>\n\n\n<div class=\"wp-block-cover alignfull has-custom-content-position is-position-center-right has-aspect-ratio\" style=\"margin-top:0;margin-bottom:0;padding-top:0;padding-right:var(--wp--preset--spacing--40);padding-bottom:0;padding-left:var(--wp--preset--spacing--40);min-height:840px;aspect-ratio:16\/9;min-height:unset;\"><img loading=\"lazy\" decoding=\"async\" width=\"2048\" height=\"1365\" class=\"wp-block-cover__image-background wp-image-64 size-full\" alt=\"\" src=\"https:\/\/troupequendor.fr\/wp-content\/uploads\/2025\/11\/feu-3.jpg\" data-object-fit=\"cover\" srcset=\"https:\/\/troupequendor.fr\/wp-content\/uploads\/2025\/11\/feu-3.jpg 2048w, https:\/\/troupequendor.fr\/wp-content\/uploads\/2025\/11\/feu-3-300x200.jpg 300w, https:\/\/troupequendor.fr\/wp-content\/uploads\/2025\/11\/feu-3-1024x683.jpg 1024w, https:\/\/troupequendor.fr\/wp-content\/uploads\/2025\/11\/feu-3-768x512.jpg 768w, https:\/\/troupequendor.fr\/wp-content\/uploads\/2025\/11\/feu-3-1536x1024.jpg 1536w\" sizes=\"auto, (max-width: 2048px) 100vw, 2048px\" \/><span aria-hidden=\"true\" class=\"wp-block-cover__background has-accent-3-background-color has-background-dim-0 has-background-dim\"><\/span><div class=\"wp-block-cover__inner-container is-layout-flow wp-block-cover-is-layout-flow\">\n<h2 class=\"wp-block-heading has-ysabeau-office-font-family\" style=\"margin-right:var(--wp--preset--spacing--40);margin-bottom:0;font-size:clamp(2.111rem, 2.111rem + ((1vw - 0.2rem) * 2.649), 3.8rem);font-style:normal;font-weight:600;line-height:1.6\">Quendor<\/h2>\n<\/div><\/div>\n\n\n\n<div class=\"wp-block-group alignfull has-global-padding is-layout-constrained wp-block-group-is-layout-constrained\" style=\"margin-top:0;margin-bottom:0;padding-top:var(--wp--preset--spacing--50);padding-bottom:var(--wp--preset--spacing--50)\">\n<div class=\"wp-block-columns alignwide is-layout-flex wp-container-core-columns-is-layout-47c06fe3 wp-block-columns-is-layout-flex\">\n<div class=\"wp-block-column is-layout-flow wp-block-column-is-layout-flow\" style=\"flex-basis:56%\">\n<figure class=\"wp-block-image size-full is-style-default\"><img loading=\"lazy\" decoding=\"async\" width=\"2560\" height=\"1708\" src=\"http:\/\/quendor-sauvegarde.local\/wp-content\/uploads\/2025\/11\/7c210712d7f34ee0934c5910a3442f4d-scaled.webp\" alt=\"\" class=\"wp-image-69\" style=\"aspect-ratio:1;object-fit:cover\" srcset=\"https:\/\/troupequendor.fr\/wp-content\/uploads\/2025\/11\/7c210712d7f34ee0934c5910a3442f4d-scaled.webp 2560w, https:\/\/troupequendor.fr\/wp-content\/uploads\/2025\/11\/7c210712d7f34ee0934c5910a3442f4d-300x200.webp 300w, https:\/\/troupequendor.fr\/wp-content\/uploads\/2025\/11\/7c210712d7f34ee0934c5910a3442f4d-1024x683.webp 1024w, https:\/\/troupequendor.fr\/wp-content\/uploads\/2025\/11\/7c210712d7f34ee0934c5910a3442f4d-768x512.webp 768w, https:\/\/troupequendor.fr\/wp-content\/uploads\/2025\/11\/7c210712d7f34ee0934c5910a3442f4d-1536x1025.webp 1536w, https:\/\/troupequendor.fr\/wp-content\/uploads\/2025\/11\/7c210712d7f34ee0934c5910a3442f4d-2048x1366.webp 2048w\" sizes=\"auto, (max-width: 2560px) 100vw, 2560px\" \/><\/figure>\n<\/div>\n\n\n\n<div class=\"wp-block-column is-vertically-aligned-center is-layout-flow wp-container-core-column-is-layout-119bc444 wp-block-column-is-layout-flow\">\n<h2 class=\"wp-block-heading\">About us<\/h2>\n\n\n\n<p>Founded in 2010 by the Kellers, Troupe Quendor brings together passionate artists about equestrian art. Emotion, respect and a sense of community are at the heart of their commitments.<\/p>\n\n\n\n<p>A true performing art school, since the beginning, Quendor has been committed to shared its passion for horses and stage.<\/p>\n\n\n\n<div class=\"wp-block-buttons is-layout-flex wp-block-buttons-is-layout-flex\">\n<div class=\"wp-block-button\"><a class=\"wp-block-button__link has-contrast-color has-custom-color-3-background-color has-text-color has-background has-link-color wp-element-button\" href=\"http:\/\/troupequendor.fr\/en\/a-propos\/\">LEARN MORE<\/a><\/div>\n<\/div>\n<\/div>\n<\/div>\n<\/div>\n\n\n\n<div class=\"wp-block-group alignfull has-global-padding is-layout-constrained wp-container-core-group-is-layout-ebee8dc1 wp-block-group-is-layout-constrained\" style=\"margin-top:0;margin-bottom:0;padding-top:var(--wp--preset--spacing--50);padding-bottom:var(--wp--preset--spacing--50)\">\n<div class=\"wp-block-columns alignwide is-layout-flex wp-container-core-columns-is-layout-28f84493 wp-block-columns-is-layout-flex\">\n<div class=\"wp-block-column is-layout-flow wp-block-column-is-layout-flow\">\n<div style=\"aspect-ratio:1;min-height:unset;\" class=\"wp-block-cover has-custom-content-position is-position-bottom-center has-aspect-ratio\"><img loading=\"lazy\" decoding=\"async\" width=\"683\" height=\"1024\" class=\"wp-block-cover__image-background wp-image-618 size-large\" alt=\"\" src=\"http:\/\/quendor-sauvegarde.local\/wp-content\/uploads\/2025\/12\/DSC_5384-Enhanced-NR-683x1024.jpg\" style=\"object-position:48% 83%\" data-object-fit=\"cover\" data-object-position=\"48% 83%\" srcset=\"https:\/\/troupequendor.fr\/wp-content\/uploads\/2025\/12\/DSC_5384-Enhanced-NR-683x1024.jpg 683w, https:\/\/troupequendor.fr\/wp-content\/uploads\/2025\/12\/DSC_5384-Enhanced-NR-200x300.jpg 200w, https:\/\/troupequendor.fr\/wp-content\/uploads\/2025\/12\/DSC_5384-Enhanced-NR-768x1152.jpg 768w, https:\/\/troupequendor.fr\/wp-content\/uploads\/2025\/12\/DSC_5384-Enhanced-NR-1024x1536.jpg 1024w, https:\/\/troupequendor.fr\/wp-content\/uploads\/2025\/12\/DSC_5384-Enhanced-NR-1365x2048.jpg 1365w, https:\/\/troupequendor.fr\/wp-content\/uploads\/2025\/12\/DSC_5384-Enhanced-NR-8x12.jpg 8w, https:\/\/troupequendor.fr\/wp-content\/uploads\/2025\/12\/DSC_5384-Enhanced-NR-scaled.jpg 1707w\" sizes=\"auto, (max-width: 683px) 100vw, 683px\" \/><span aria-hidden=\"true\" class=\"wp-block-cover__background has-background-dim\" style=\"background-color:#544127\"><\/span><div class=\"wp-block-cover__inner-container is-layout-flow wp-block-cover-is-layout-flow\">\n<div class=\"wp-block-buttons is-layout-flex wp-container-core-buttons-is-layout-9bedd9bf wp-block-buttons-is-layout-flex\">\n<div class=\"wp-block-button has-custom-width wp-block-button__width-100 is-style-outline is-style-outline--1\"><a class=\"wp-block-button__link has-medium-font-size has-custom-font-size wp-element-button\" href=\"https:\/\/troupequendor.fr\/en\/nos-prestations\/\">LEARN MORE<\/a><\/div>\n<\/div>\n<\/div><\/div>\n\n\n\n<h3 class=\"wp-block-heading\">Horse show<\/h3>\n\n\n\n<p class=\"has-medium-font-size\">Supported by a mainly Iberian cavalry, the troupe excels in all disciplines of equestrian art: medieval tournaments, stunts, vaulting, ground work, and free work. Each performance is a tribute to the grace, power, and bond between man and horse.<\/p>\n<\/div>\n\n\n\n<div class=\"wp-block-column is-layout-flow wp-block-column-is-layout-flow\">\n<div class=\"wp-block-cover has-custom-content-position is-position-bottom-center has-aspect-ratio\" style=\"min-height:407px;aspect-ratio:1;min-height:unset;\"><img loading=\"lazy\" decoding=\"async\" width=\"683\" height=\"1024\" class=\"wp-block-cover__image-background wp-image-619 size-large\" alt=\"\" src=\"http:\/\/quendor-sauvegarde.local\/wp-content\/uploads\/2025\/12\/DSC_5598-Enhanced-NR-683x1024.jpg\" data-object-fit=\"cover\" srcset=\"https:\/\/troupequendor.fr\/wp-content\/uploads\/2025\/12\/DSC_5598-Enhanced-NR-683x1024.jpg 683w, https:\/\/troupequendor.fr\/wp-content\/uploads\/2025\/12\/DSC_5598-Enhanced-NR-200x300.jpg 200w, https:\/\/troupequendor.fr\/wp-content\/uploads\/2025\/12\/DSC_5598-Enhanced-NR-768x1152.jpg 768w, https:\/\/troupequendor.fr\/wp-content\/uploads\/2025\/12\/DSC_5598-Enhanced-NR-1024x1536.jpg 1024w, https:\/\/troupequendor.fr\/wp-content\/uploads\/2025\/12\/DSC_5598-Enhanced-NR-1365x2048.jpg 1365w, https:\/\/troupequendor.fr\/wp-content\/uploads\/2025\/12\/DSC_5598-Enhanced-NR-8x12.jpg 8w, https:\/\/troupequendor.fr\/wp-content\/uploads\/2025\/12\/DSC_5598-Enhanced-NR-scaled.jpg 1707w\" sizes=\"auto, (max-width: 683px) 100vw, 683px\" \/><span aria-hidden=\"true\" class=\"wp-block-cover__background has-background-dim\" style=\"background-color:#7a4e37\"><\/span><div class=\"wp-block-cover__inner-container is-layout-flow wp-block-cover-is-layout-flow\">\n<div class=\"wp-block-buttons is-layout-flex wp-block-buttons-is-layout-flex\">\n<div class=\"wp-block-button has-custom-width wp-block-button__width-100 is-style-outline is-style-outline--2\"><a class=\"wp-block-button__link has-medium-font-size has-custom-font-size wp-element-button\" href=\"https:\/\/troupequendor.fr\/en\/nos-prestations\/#pyrotechnie\">LEARN MORE<\/a><\/div>\n<\/div>\n<\/div><\/div>\n\n\n\n<h3 class=\"wp-block-heading\">Pyrotechnics<\/h3>\n\n\n\n<p class=\"has-medium-font-size\">Over the years, Quendor has developed unique expertise in creating sound and light shows and pyrotechnic displays, giving rise to immersive universe, where equestrian art meets magic.<\/p>\n<\/div>\n\n\n\n<div class=\"wp-block-column is-layout-flow wp-block-column-is-layout-flow\">\n<div style=\"aspect-ratio:1;min-height:unset;\" class=\"wp-block-cover has-custom-content-position is-position-bottom-center has-aspect-ratio\"><img loading=\"lazy\" decoding=\"async\" width=\"1024\" height=\"728\" class=\"wp-block-cover__image-background wp-image-465 size-large\" alt=\"\" src=\"http:\/\/quendor-sauvegarde.local\/wp-content\/uploads\/2025\/11\/IMG_1165-1024x728.jpg\" data-object-fit=\"cover\" srcset=\"https:\/\/troupequendor.fr\/wp-content\/uploads\/2025\/11\/IMG_1165-1024x728.jpg 1024w, https:\/\/troupequendor.fr\/wp-content\/uploads\/2025\/11\/IMG_1165-300x213.jpg 300w, https:\/\/troupequendor.fr\/wp-content\/uploads\/2025\/11\/IMG_1165-768x546.jpg 768w, https:\/\/troupequendor.fr\/wp-content\/uploads\/2025\/11\/IMG_1165.jpg 1119w\" sizes=\"auto, (max-width: 1024px) 100vw, 1024px\" \/><span aria-hidden=\"true\" class=\"wp-block-cover__background has-background-dim\" style=\"background-color:#565656\"><\/span><div class=\"wp-block-cover__inner-container is-layout-flow wp-block-cover-is-layout-flow\">\n<div class=\"wp-block-buttons is-layout-flex wp-block-buttons-is-layout-flex\">\n<div class=\"wp-block-button has-custom-width wp-block-button__width-100 is-style-outline is-style-outline--3\"><a class=\"wp-block-button__link has-medium-font-size has-custom-font-size wp-element-button\" href=\"https:\/\/troupequendor.fr\/en\/nos-prestations\/#formations\">LEARN MORE<\/a><\/div>\n<\/div>\n<\/div><\/div>\n\n\n\n<h3 class=\"wp-block-heading\">Training<\/h3>\n\n\n\n<p class=\"has-medium-font-size\">Since it was founded, Quendor has trained more than a dozen professional equestrian artists and continues to train kids, teens, and adults to learn about theater, vaulting, stunts and pyrotechnics.<\/p>\n<\/div>\n<\/div>\n<\/div>\n\n\n\n<hr class=\"wp-block-separator has-text-color has-custom-color-3-color has-alpha-channel-opacity has-custom-color-3-background-color has-background\"\/>\n\n\n\n<h2 class=\"wp-block-heading has-text-align-center has-xx-large-font-size\">Upcoming events<\/h2>\n\n\n\n<div style=\"height:40px\" aria-hidden=\"true\" class=\"wp-block-spacer\"><\/div>\n\n\n\n<div class=\"wp-block-group is-content-justification-center is-nowrap is-layout-flex wp-container-core-group-is-layout-23441af8 wp-block-group-is-layout-flex\">\n<figure class=\"wp-block-image size-full is-resized\"><img loading=\"lazy\" decoding=\"async\" width=\"1825\" height=\"2560\" src=\"https:\/\/troupequendor.fr\/wp-content\/uploads\/2026\/03\/affiche-lheritier-perdu-2026-1-scaled.png\" alt=\"\" class=\"wp-image-1186\" style=\"aspect-ratio:0.713048604190936;width:210px;height:auto\" srcset=\"https:\/\/troupequendor.fr\/wp-content\/uploads\/2026\/03\/affiche-lheritier-perdu-2026-1-scaled.png 1825w, https:\/\/troupequendor.fr\/wp-content\/uploads\/2026\/03\/affiche-lheritier-perdu-2026-1-214x300.png 214w, https:\/\/troupequendor.fr\/wp-content\/uploads\/2026\/03\/affiche-lheritier-perdu-2026-1-730x1024.png 730w, https:\/\/troupequendor.fr\/wp-content\/uploads\/2026\/03\/affiche-lheritier-perdu-2026-1-768x1077.png 768w, https:\/\/troupequendor.fr\/wp-content\/uploads\/2026\/03\/affiche-lheritier-perdu-2026-1-1095x1536.png 1095w, https:\/\/troupequendor.fr\/wp-content\/uploads\/2026\/03\/affiche-lheritier-perdu-2026-1-1460x2048.png 1460w, https:\/\/troupequendor.fr\/wp-content\/uploads\/2026\/03\/affiche-lheritier-perdu-2026-1-9x12.png 9w\" sizes=\"auto, (max-width: 1825px) 100vw, 1825px\" \/><\/figure>\n\n\n\n<div class=\"wp-block-group is-nowrap is-layout-flex wp-container-core-group-is-layout-6c531013 wp-block-group-is-layout-flex\">\n<p>15, 16, 17, 22, 23, 24 mai 2026<\/p>\n\n\n\n<p>\u00e0 20h ou 15h30<\/p>\n\n\n\n<div class=\"wp-block-buttons is-layout-flex wp-block-buttons-is-layout-flex\">\n<div class=\"wp-block-button has-custom-width wp-block-button__width-100\"><a class=\"wp-block-button__link wp-element-button\" href=\"https:\/\/www.billetweb.fr\/haut-royaume-lheritier-perdu\" target=\"_blank\" rel=\"noreferrer noopener\">R\u00e9server<\/a><\/div>\n<\/div>\n<\/div>\n<\/div>\n\n\n\n<div style=\"height:40px\" aria-hidden=\"true\" class=\"wp-block-spacer\"><\/div>","protected":false},"excerpt":{"rendered":"<p>Qui sommes nous ? Fond\u00e9e en 2010 par la famille Keller, la troupe Quendor r\u00e9unit des artistes passionn\u00e9s d\u2019art \u00e9questre autour d\u2019une m\u00eame passion. L\u2019\u00e9motion, le respect du cheval et le sens du collectif sont au c\u0153ur de ses engagements. V\u00e9ritable \u00e9cole de spectacle, Quendor transmet depuis ses d\u00e9buts la passion du cheval et de [&hellip;]<\/p>\n","protected":false},"author":1,"featured_media":0,"parent":0,"menu_order":0,"comment_status":"closed","ping_status":"closed","template":"","meta":{"_acf_changed":false,"footnotes":""},"class_list":["post-17","page","type-page","status-publish","hentry"],"acf":[],"mb":[],"yoast_head":"<!-- This site is optimized with the Yoast SEO plugin v27.2 - https:\/\/yoast.com\/product\/yoast-seo-wordpress\/ -->\n<title>Troupe Quendor - Spectacle \u00e9questre<\/title>\n<meta name=\"description\" content=\"La troupe Quendor propose des spectacles \u00e9questres et cr\u00e9ations artistiques \u00e0 Jungholtz, en Alsace. Pour familles, touristes et \u00e9v\u00e9nements.\" \/>\n<meta name=\"robots\" content=\"index, follow, max-snippet:-1, max-image-preview:large, max-video-preview:-1\" \/>\n<link rel=\"canonical\" href=\"https:\/\/troupequendor.fr\/en\/\" \/>\n<meta property=\"og:locale\" content=\"en_US\" \/>\n<meta property=\"og:type\" content=\"article\" \/>\n<meta property=\"og:title\" content=\"Troupe Quendor - Spectacle \u00e9questre\" \/>\n<meta property=\"og:description\" content=\"La troupe Quendor propose des spectacles \u00e9questres et cr\u00e9ations artistiques \u00e0 Jungholtz, en Alsace. Pour familles, touristes et \u00e9v\u00e9nements.\" \/>\n<meta property=\"og:url\" content=\"https:\/\/troupequendor.fr\/en\/\" \/>\n<meta property=\"og:site_name\" content=\"Troupe Quendor\" \/>\n<meta property=\"article:publisher\" content=\"https:\/\/www.facebook.com\/share\/1ADNRj7GgD\/?mibextid=wwXIfr\" \/>\n<meta property=\"article:modified_time\" content=\"2026-03-13T11:21:01+00:00\" \/>\n<meta property=\"og:image\" content=\"https:\/\/troupequendor.fr\/wp-content\/uploads\/2025\/11\/feu-3.jpg\" \/>\n\t<meta property=\"og:image:width\" content=\"2048\" \/>\n\t<meta property=\"og:image:height\" content=\"1365\" \/>\n\t<meta property=\"og:image:type\" content=\"image\/jpeg\" \/>\n<meta name=\"twitter:card\" content=\"summary_large_image\" \/>\n<meta name=\"twitter:label1\" content=\"Est. reading time\" \/>\n\t<meta name=\"twitter:data1\" content=\"3 minutes\" \/>\n<script type=\"application\/ld+json\" class=\"yoast-schema-graph\">{\"@context\":\"https:\/\/schema.org\",\"@graph\":[{\"@type\":\"WebPage\",\"@id\":\"https:\/\/troupequendor.fr\/\",\"url\":\"https:\/\/troupequendor.fr\/\",\"name\":\"Troupe Quendor - Spectacle \u00e9questre\",\"isPartOf\":{\"@id\":\"https:\/\/troupequendor.fr\/#website\"},\"primaryImageOfPage\":{\"@id\":\"https:\/\/troupequendor.fr\/#primaryimage\"},\"image\":{\"@id\":\"https:\/\/troupequendor.fr\/#primaryimage\"},\"thumbnailUrl\":\"https:\/\/troupequendor.fr\/wp-content\/uploads\/2025\/11\/feu-3.jpg\",\"datePublished\":\"2025-11-03T13:56:37+00:00\",\"dateModified\":\"2026-03-13T11:21:01+00:00\",\"description\":\"La troupe Quendor propose des spectacles \u00e9questres et cr\u00e9ations artistiques \u00e0 Jungholtz, en Alsace. Pour familles, touristes et \u00e9v\u00e9nements.\",\"breadcrumb\":{\"@id\":\"https:\/\/troupequendor.fr\/#breadcrumb\"},\"inLanguage\":\"en-US\",\"potentialAction\":[{\"@type\":\"ReadAction\",\"target\":[\"https:\/\/troupequendor.fr\/\"]}]},{\"@type\":\"ImageObject\",\"inLanguage\":\"en-US\",\"@id\":\"https:\/\/troupequendor.fr\/#primaryimage\",\"url\":\"https:\/\/troupequendor.fr\/wp-content\/uploads\/2025\/11\/feu-3.jpg\",\"contentUrl\":\"https:\/\/troupequendor.fr\/wp-content\/uploads\/2025\/11\/feu-3.jpg\"},{\"@type\":\"BreadcrumbList\",\"@id\":\"https:\/\/troupequendor.fr\/#breadcrumb\",\"itemListElement\":[{\"@type\":\"ListItem\",\"position\":1,\"name\":\"Accueil\",\"item\":\"https:\/\/troupequendor.fr\/\"},{\"@type\":\"ListItem\",\"position\":2,\"name\":\"Accueil\"}]},{\"@type\":\"WebSite\",\"@id\":\"https:\/\/troupequendor.fr\/#website\",\"url\":\"https:\/\/troupequendor.fr\/\",\"name\":\"Troupe Quendor\",\"description\":\"Spectacles \u00e9questres\",\"publisher\":{\"@id\":\"https:\/\/troupequendor.fr\/#organization\"},\"alternateName\":\"Quendor\",\"potentialAction\":[{\"@type\":\"SearchAction\",\"target\":{\"@type\":\"EntryPoint\",\"urlTemplate\":\"https:\/\/troupequendor.fr\/?s={search_term_string}\"},\"query-input\":{\"@type\":\"PropertyValueSpecification\",\"valueRequired\":true,\"valueName\":\"search_term_string\"}}],\"inLanguage\":\"en-US\"},{\"@type\":\"Organization\",\"@id\":\"https:\/\/troupequendor.fr\/#organization\",\"name\":\"Quendor\",\"url\":\"https:\/\/troupequendor.fr\/\",\"logo\":{\"@type\":\"ImageObject\",\"inLanguage\":\"en-US\",\"@id\":\"https:\/\/troupequendor.fr\/#\/schema\/logo\/image\/\",\"url\":\"https:\/\/troupequendor.fr\/wp-content\/uploads\/2025\/11\/Q_logo_spectacle_formation_gold.png\",\"contentUrl\":\"https:\/\/troupequendor.fr\/wp-content\/uploads\/2025\/11\/Q_logo_spectacle_formation_gold.png\",\"width\":1289,\"height\":552,\"caption\":\"Quendor\"},\"image\":{\"@id\":\"https:\/\/troupequendor.fr\/#\/schema\/logo\/image\/\"},\"sameAs\":[\"https:\/\/www.facebook.com\/share\/1ADNRj7GgD\/?mibextid=wwXIfr\",\"https:\/\/www.instagram.com\/troupequendor?igsh=MTJ0dTk4ZTI3bmV6dw==\",\"https:\/\/www.youtube.com\/@troupequendor8455\"]}]}<\/script>\n<!-- \/ Yoast SEO plugin. -->","yoast_head_json":{"title":"Troupe Quendor - Spectacle \u00e9questre","description":"La troupe Quendor propose des spectacles \u00e9questres et cr\u00e9ations artistiques \u00e0 Jungholtz, en Alsace. Pour familles, touristes et \u00e9v\u00e9nements.","robots":{"index":"index","follow":"follow","max-snippet":"max-snippet:-1","max-image-preview":"max-image-preview:large","max-video-preview":"max-video-preview:-1"},"canonical":"https:\/\/troupequendor.fr\/en\/","og_locale":"en_US","og_type":"article","og_title":"Troupe Quendor - Spectacle \u00e9questre","og_description":"La troupe Quendor propose des spectacles \u00e9questres et cr\u00e9ations artistiques \u00e0 Jungholtz, en Alsace. Pour familles, touristes et \u00e9v\u00e9nements.","og_url":"https:\/\/troupequendor.fr\/en\/","og_site_name":"Troupe Quendor","article_publisher":"https:\/\/www.facebook.com\/share\/1ADNRj7GgD\/?mibextid=wwXIfr","article_modified_time":"2026-03-13T11:21:01+00:00","og_image":[{"width":2048,"height":1365,"url":"https:\/\/troupequendor.fr\/wp-content\/uploads\/2025\/11\/feu-3.jpg","type":"image\/jpeg"}],"twitter_card":"summary_large_image","twitter_misc":{"Est. reading time":"3 minutes"},"schema":{"@context":"https:\/\/schema.org","@graph":[{"@type":"WebPage","@id":"https:\/\/troupequendor.fr\/","url":"https:\/\/troupequendor.fr\/","name":"Troupe Quendor - Spectacle \u00e9questre","isPartOf":{"@id":"https:\/\/troupequendor.fr\/#website"},"primaryImageOfPage":{"@id":"https:\/\/troupequendor.fr\/#primaryimage"},"image":{"@id":"https:\/\/troupequendor.fr\/#primaryimage"},"thumbnailUrl":"https:\/\/troupequendor.fr\/wp-content\/uploads\/2025\/11\/feu-3.jpg","datePublished":"2025-11-03T13:56:37+00:00","dateModified":"2026-03-13T11:21:01+00:00","description":"La troupe Quendor propose des spectacles \u00e9questres et cr\u00e9ations artistiques \u00e0 Jungholtz, en Alsace. Pour familles, touristes et \u00e9v\u00e9nements.","breadcrumb":{"@id":"https:\/\/troupequendor.fr\/#breadcrumb"},"inLanguage":"en-US","potentialAction":[{"@type":"ReadAction","target":["https:\/\/troupequendor.fr\/"]}]},{"@type":"ImageObject","inLanguage":"en-US","@id":"https:\/\/troupequendor.fr\/#primaryimage","url":"https:\/\/troupequendor.fr\/wp-content\/uploads\/2025\/11\/feu-3.jpg","contentUrl":"https:\/\/troupequendor.fr\/wp-content\/uploads\/2025\/11\/feu-3.jpg"},{"@type":"BreadcrumbList","@id":"https:\/\/troupequendor.fr\/#breadcrumb","itemListElement":[{"@type":"ListItem","position":1,"name":"Accueil","item":"https:\/\/troupequendor.fr\/"},{"@type":"ListItem","position":2,"name":"Accueil"}]},{"@type":"WebSite","@id":"https:\/\/troupequendor.fr\/#website","url":"https:\/\/troupequendor.fr\/","name":"Troupe Quendor","description":"Spectacles \u00e9questres","publisher":{"@id":"https:\/\/troupequendor.fr\/#organization"},"alternateName":"Quendor","potentialAction":[{"@type":"SearchAction","target":{"@type":"EntryPoint","urlTemplate":"https:\/\/troupequendor.fr\/?s={search_term_string}"},"query-input":{"@type":"PropertyValueSpecification","valueRequired":true,"valueName":"search_term_string"}}],"inLanguage":"en-US"},{"@type":"Organization","@id":"https:\/\/troupequendor.fr\/#organization","name":"Quendor","url":"https:\/\/troupequendor.fr\/","logo":{"@type":"ImageObject","inLanguage":"en-US","@id":"https:\/\/troupequendor.fr\/#\/schema\/logo\/image\/","url":"https:\/\/troupequendor.fr\/wp-content\/uploads\/2025\/11\/Q_logo_spectacle_formation_gold.png","contentUrl":"https:\/\/troupequendor.fr\/wp-content\/uploads\/2025\/11\/Q_logo_spectacle_formation_gold.png","width":1289,"height":552,"caption":"Quendor"},"image":{"@id":"https:\/\/troupequendor.fr\/#\/schema\/logo\/image\/"},"sameAs":["https:\/\/www.facebook.com\/share\/1ADNRj7GgD\/?mibextid=wwXIfr","https:\/\/www.instagram.com\/troupequendor?igsh=MTJ0dTk4ZTI3bmV6dw==","https:\/\/www.youtube.com\/@troupequendor8455"]}]}},"mfb_rest_fields":["title","yoast_head","yoast_head_json"],"_links":{"self":[{"href":"https:\/\/troupequendor.fr\/en\/wp-json\/wp\/v2\/pages\/17","targetHints":{"allow":["GET"]}}],"collection":[{"href":"https:\/\/troupequendor.fr\/en\/wp-json\/wp\/v2\/pages"}],"about":[{"href":"https:\/\/troupequendor.fr\/en\/wp-json\/wp\/v2\/types\/page"}],"author":[{"embeddable":true,"href":"https:\/\/troupequendor.fr\/en\/wp-json\/wp\/v2\/users\/1"}],"replies":[{"embeddable":true,"href":"https:\/\/troupequendor.fr\/en\/wp-json\/wp\/v2\/comments?post=17"}],"version-history":[{"count":65,"href":"https:\/\/troupequendor.fr\/en\/wp-json\/wp\/v2\/pages\/17\/revisions"}],"predecessor-version":[{"id":1192,"href":"https:\/\/troupequendor.fr\/en\/wp-json\/wp\/v2\/pages\/17\/revisions\/1192"}],"wp:attachment":[{"href":"https:\/\/troupequendor.fr\/en\/wp-json\/wp\/v2\/media?parent=17"}],"curies":[{"name":"wp","href":"https:\/\/api.w.org\/{rel}","templated":true}]}}