{"id":163,"date":"2025-11-04T14:49:38","date_gmt":"2025-11-04T13:49:38","guid":{"rendered":"http:\/\/quendor-sauvegarde.local\/?page_id=163"},"modified":"2026-03-13T12:25:00","modified_gmt":"2026-03-13T11:25:00","slug":"calendrier","status":"publish","type":"page","link":"https:\/\/troupequendor.fr\/en\/calendrier\/","title":{"rendered":"Calendar"},"content":{"rendered":"<p><!-- Google Tag Manager (noscript) --><br \/>\n<noscript><iframe src=\"https:\/\/www.googletagmanager.com\/ns.html?id=GTM-MKZXFZC8\"\nheight=\"0\" width=\"0\" style=\"display:none;visibility:hidden\"><\/iframe><\/noscript><br \/>\n<!-- End Google Tag Manager (noscript) --><\/p>\n\n<h1 style=\"padding-right:0;padding-left:0;margin-right:0;margin-left:0;\" class=\"has-text-align-center wp-block-post-title has-xx-large-font-size\">Calendar<\/h1>\n\n\n<div style=\"height:40px\" aria-hidden=\"true\" class=\"wp-block-spacer\"><\/div>\n\n\n\n<h2 class=\"wp-block-heading has-text-align-center\" style=\"margin-left:0;padding-right:0;padding-left:0\">Upcoming events <\/h2>\n\n\n\n<hr class=\"wp-block-separator has-text-color has-custom-color-3-color has-alpha-channel-opacity has-custom-color-3-background-color has-background\"\/>\n\n\n\n<div class=\"wp-block-group is-content-justification-center is-nowrap is-layout-flex wp-container-core-group-is-layout-23441af8 wp-block-group-is-layout-flex\">\n<figure class=\"wp-block-image size-full is-resized\"><img loading=\"lazy\" decoding=\"async\" width=\"1825\" height=\"2560\" src=\"https:\/\/troupequendor.fr\/wp-content\/uploads\/2026\/03\/affiche-lheritier-perdu-2026-1-scaled.png\" alt=\"\" class=\"wp-image-1186\" style=\"aspect-ratio:0.7128929955757409;width:210px;height:auto\" srcset=\"https:\/\/troupequendor.fr\/wp-content\/uploads\/2026\/03\/affiche-lheritier-perdu-2026-1-scaled.png 1825w, https:\/\/troupequendor.fr\/wp-content\/uploads\/2026\/03\/affiche-lheritier-perdu-2026-1-214x300.png 214w, https:\/\/troupequendor.fr\/wp-content\/uploads\/2026\/03\/affiche-lheritier-perdu-2026-1-730x1024.png 730w, https:\/\/troupequendor.fr\/wp-content\/uploads\/2026\/03\/affiche-lheritier-perdu-2026-1-768x1077.png 768w, https:\/\/troupequendor.fr\/wp-content\/uploads\/2026\/03\/affiche-lheritier-perdu-2026-1-1095x1536.png 1095w, https:\/\/troupequendor.fr\/wp-content\/uploads\/2026\/03\/affiche-lheritier-perdu-2026-1-1460x2048.png 1460w, https:\/\/troupequendor.fr\/wp-content\/uploads\/2026\/03\/affiche-lheritier-perdu-2026-1-9x12.png 9w\" sizes=\"auto, (max-width: 1825px) 100vw, 1825px\" \/><\/figure>\n\n\n\n<p>15, 16, 17, 22, 23, 24 mai 2026 \u00e0 20h ou 15h30<\/p>\n\n\n\n<div class=\"wp-block-buttons is-layout-flex wp-block-buttons-is-layout-flex\">\n<div class=\"wp-block-button\"><a class=\"wp-block-button__link wp-element-button\" href=\"https:\/\/www.billetweb.fr\/haut-royaume-lheritier-perdu\" target=\"_blank\" rel=\"noreferrer noopener\">R\u00e9server<\/a><\/div>\n<\/div>\n<\/div>\n\n\n\n<hr class=\"wp-block-separator has-text-color has-custom-color-3-color has-alpha-channel-opacity has-custom-color-3-background-color has-background\"\/>\n\n\n\n<p><\/p>","protected":false},"excerpt":{"rendered":"<p>\u00c9v\u00e8nements \u00e0 venir 15, 16, 17, 22, 23, 24 mai 2026 \u00e0 20h ou 15h30<\/p>","protected":false},"author":1,"featured_media":0,"parent":0,"menu_order":0,"comment_status":"closed","ping_status":"closed","template":"","meta":{"_acf_changed":false,"footnotes":""},"class_list":["post-163","page","type-page","status-publish","hentry"],"acf":[],"mb":[],"yoast_head":"<!-- This site is optimized with the Yoast SEO plugin v27.2 - https:\/\/yoast.com\/product\/yoast-seo-wordpress\/ -->\n<title>Agenda - Troupe Quendor<\/title>\n<meta name=\"description\" content=\"Retrouvez l\u2019agenda des spectacles de la troupe Quendor en Alsace : dates, lieux et \u00e9v\u00e9nements \u00e0 venir. - Agenda %\" \/>\n<meta name=\"robots\" content=\"index, follow, max-snippet:-1, max-image-preview:large, max-video-preview:-1\" \/>\n<link rel=\"canonical\" href=\"https:\/\/troupequendor.fr\/en\/calendrier\/\" \/>\n<meta property=\"og:locale\" content=\"en_US\" \/>\n<meta property=\"og:type\" content=\"article\" \/>\n<meta property=\"og:title\" content=\"Agenda - Troupe Quendor\" \/>\n<meta property=\"og:description\" content=\"Retrouvez l\u2019agenda des spectacles de la troupe Quendor en Alsace : dates, lieux et \u00e9v\u00e9nements \u00e0 venir. - Agenda %\" \/>\n<meta property=\"og:url\" content=\"https:\/\/troupequendor.fr\/en\/calendrier\/\" \/>\n<meta property=\"og:site_name\" content=\"Troupe Quendor\" \/>\n<meta property=\"article:publisher\" content=\"https:\/\/www.facebook.com\/share\/1ADNRj7GgD\/?mibextid=wwXIfr\" \/>\n<meta property=\"article:modified_time\" content=\"2026-03-13T11:25:00+00:00\" \/>\n<meta property=\"og:image\" content=\"https:\/\/troupequendor.fr\/wp-content\/uploads\/2026\/03\/affiche-lheritier-perdu-2026-1-730x1024.png\" \/>\n\t<meta property=\"og:image:width\" content=\"730\" \/>\n\t<meta property=\"og:image:height\" content=\"1024\" \/>\n\t<meta property=\"og:image:type\" content=\"image\/png\" \/>\n<meta name=\"twitter:card\" content=\"summary_large_image\" \/>\n<meta name=\"twitter:label1\" content=\"Est. reading time\" \/>\n\t<meta name=\"twitter:data1\" content=\"1 minute\" \/>\n<script type=\"application\/ld+json\" class=\"yoast-schema-graph\">{\"@context\":\"https:\/\/schema.org\",\"@graph\":[{\"@type\":\"WebPage\",\"@id\":\"https:\/\/troupequendor.fr\/calendrier\/\",\"url\":\"https:\/\/troupequendor.fr\/calendrier\/\",\"name\":\"Agenda - Troupe Quendor\",\"isPartOf\":{\"@id\":\"https:\/\/troupequendor.fr\/#website\"},\"primaryImageOfPage\":{\"@id\":\"https:\/\/troupequendor.fr\/calendrier\/#primaryimage\"},\"image\":{\"@id\":\"https:\/\/troupequendor.fr\/calendrier\/#primaryimage\"},\"thumbnailUrl\":\"https:\/\/troupequendor.fr\/wp-content\/uploads\/2026\/03\/affiche-lheritier-perdu-2026-1-scaled.png\",\"datePublished\":\"2025-11-04T13:49:38+00:00\",\"dateModified\":\"2026-03-13T11:25:00+00:00\",\"description\":\"Retrouvez l\u2019agenda des spectacles de la troupe Quendor en Alsace : dates, lieux et \u00e9v\u00e9nements \u00e0 venir. - Agenda %\",\"breadcrumb\":{\"@id\":\"https:\/\/troupequendor.fr\/calendrier\/#breadcrumb\"},\"inLanguage\":\"en-US\",\"potentialAction\":[{\"@type\":\"ReadAction\",\"target\":[\"https:\/\/troupequendor.fr\/calendrier\/\"]}]},{\"@type\":\"ImageObject\",\"inLanguage\":\"en-US\",\"@id\":\"https:\/\/troupequendor.fr\/calendrier\/#primaryimage\",\"url\":\"https:\/\/troupequendor.fr\/wp-content\/uploads\/2026\/03\/affiche-lheritier-perdu-2026-1-scaled.png\",\"contentUrl\":\"https:\/\/troupequendor.fr\/wp-content\/uploads\/2026\/03\/affiche-lheritier-perdu-2026-1-scaled.png\"},{\"@type\":\"BreadcrumbList\",\"@id\":\"https:\/\/troupequendor.fr\/calendrier\/#breadcrumb\",\"itemListElement\":[{\"@type\":\"ListItem\",\"position\":1,\"name\":\"Accueil\",\"item\":\"https:\/\/troupequendor.fr\/\"},{\"@type\":\"ListItem\",\"position\":2,\"name\":\"Agenda\"}]},{\"@type\":\"WebSite\",\"@id\":\"https:\/\/troupequendor.fr\/#website\",\"url\":\"https:\/\/troupequendor.fr\/\",\"name\":\"Troupe Quendor\",\"description\":\"Spectacles \u00e9questres\",\"publisher\":{\"@id\":\"https:\/\/troupequendor.fr\/#organization\"},\"alternateName\":\"Quendor\",\"potentialAction\":[{\"@type\":\"SearchAction\",\"target\":{\"@type\":\"EntryPoint\",\"urlTemplate\":\"https:\/\/troupequendor.fr\/?s={search_term_string}\"},\"query-input\":{\"@type\":\"PropertyValueSpecification\",\"valueRequired\":true,\"valueName\":\"search_term_string\"}}],\"inLanguage\":\"en-US\"},{\"@type\":\"Organization\",\"@id\":\"https:\/\/troupequendor.fr\/#organization\",\"name\":\"Quendor\",\"url\":\"https:\/\/troupequendor.fr\/\",\"logo\":{\"@type\":\"ImageObject\",\"inLanguage\":\"en-US\",\"@id\":\"https:\/\/troupequendor.fr\/#\/schema\/logo\/image\/\",\"url\":\"https:\/\/troupequendor.fr\/wp-content\/uploads\/2025\/11\/Q_logo_spectacle_formation_gold.png\",\"contentUrl\":\"https:\/\/troupequendor.fr\/wp-content\/uploads\/2025\/11\/Q_logo_spectacle_formation_gold.png\",\"width\":1289,\"height\":552,\"caption\":\"Quendor\"},\"image\":{\"@id\":\"https:\/\/troupequendor.fr\/#\/schema\/logo\/image\/\"},\"sameAs\":[\"https:\/\/www.facebook.com\/share\/1ADNRj7GgD\/?mibextid=wwXIfr\",\"https:\/\/www.instagram.com\/troupequendor?igsh=MTJ0dTk4ZTI3bmV6dw==\",\"https:\/\/www.youtube.com\/@troupequendor8455\"]}]}<\/script>\n<!-- \/ Yoast SEO plugin. -->","yoast_head_json":{"title":"Agenda - Troupe Quendor","description":"Retrouvez l\u2019agenda des spectacles de la troupe Quendor en Alsace : dates, lieux et \u00e9v\u00e9nements \u00e0 venir. - Agenda %","robots":{"index":"index","follow":"follow","max-snippet":"max-snippet:-1","max-image-preview":"max-image-preview:large","max-video-preview":"max-video-preview:-1"},"canonical":"https:\/\/troupequendor.fr\/en\/calendrier\/","og_locale":"en_US","og_type":"article","og_title":"Agenda - Troupe Quendor","og_description":"Retrouvez l\u2019agenda des spectacles de la troupe Quendor en Alsace : dates, lieux et \u00e9v\u00e9nements \u00e0 venir. - Agenda %","og_url":"https:\/\/troupequendor.fr\/en\/calendrier\/","og_site_name":"Troupe Quendor","article_publisher":"https:\/\/www.facebook.com\/share\/1ADNRj7GgD\/?mibextid=wwXIfr","article_modified_time":"2026-03-13T11:25:00+00:00","og_image":[{"width":730,"height":1024,"url":"https:\/\/troupequendor.fr\/wp-content\/uploads\/2026\/03\/affiche-lheritier-perdu-2026-1-730x1024.png","type":"image\/png"}],"twitter_card":"summary_large_image","twitter_misc":{"Est. reading time":"1 minute"},"schema":{"@context":"https:\/\/schema.org","@graph":[{"@type":"WebPage","@id":"https:\/\/troupequendor.fr\/calendrier\/","url":"https:\/\/troupequendor.fr\/calendrier\/","name":"Agenda - Troupe Quendor","isPartOf":{"@id":"https:\/\/troupequendor.fr\/#website"},"primaryImageOfPage":{"@id":"https:\/\/troupequendor.fr\/calendrier\/#primaryimage"},"image":{"@id":"https:\/\/troupequendor.fr\/calendrier\/#primaryimage"},"thumbnailUrl":"https:\/\/troupequendor.fr\/wp-content\/uploads\/2026\/03\/affiche-lheritier-perdu-2026-1-scaled.png","datePublished":"2025-11-04T13:49:38+00:00","dateModified":"2026-03-13T11:25:00+00:00","description":"Retrouvez l\u2019agenda des spectacles de la troupe Quendor en Alsace : dates, lieux et \u00e9v\u00e9nements \u00e0 venir. - Agenda %","breadcrumb":{"@id":"https:\/\/troupequendor.fr\/calendrier\/#breadcrumb"},"inLanguage":"en-US","potentialAction":[{"@type":"ReadAction","target":["https:\/\/troupequendor.fr\/calendrier\/"]}]},{"@type":"ImageObject","inLanguage":"en-US","@id":"https:\/\/troupequendor.fr\/calendrier\/#primaryimage","url":"https:\/\/troupequendor.fr\/wp-content\/uploads\/2026\/03\/affiche-lheritier-perdu-2026-1-scaled.png","contentUrl":"https:\/\/troupequendor.fr\/wp-content\/uploads\/2026\/03\/affiche-lheritier-perdu-2026-1-scaled.png"},{"@type":"BreadcrumbList","@id":"https:\/\/troupequendor.fr\/calendrier\/#breadcrumb","itemListElement":[{"@type":"ListItem","position":1,"name":"Accueil","item":"https:\/\/troupequendor.fr\/"},{"@type":"ListItem","position":2,"name":"Agenda"}]},{"@type":"WebSite","@id":"https:\/\/troupequendor.fr\/#website","url":"https:\/\/troupequendor.fr\/","name":"Troupe Quendor","description":"Spectacles \u00e9questres","publisher":{"@id":"https:\/\/troupequendor.fr\/#organization"},"alternateName":"Quendor","potentialAction":[{"@type":"SearchAction","target":{"@type":"EntryPoint","urlTemplate":"https:\/\/troupequendor.fr\/?s={search_term_string}"},"query-input":{"@type":"PropertyValueSpecification","valueRequired":true,"valueName":"search_term_string"}}],"inLanguage":"en-US"},{"@type":"Organization","@id":"https:\/\/troupequendor.fr\/#organization","name":"Quendor","url":"https:\/\/troupequendor.fr\/","logo":{"@type":"ImageObject","inLanguage":"en-US","@id":"https:\/\/troupequendor.fr\/#\/schema\/logo\/image\/","url":"https:\/\/troupequendor.fr\/wp-content\/uploads\/2025\/11\/Q_logo_spectacle_formation_gold.png","contentUrl":"https:\/\/troupequendor.fr\/wp-content\/uploads\/2025\/11\/Q_logo_spectacle_formation_gold.png","width":1289,"height":552,"caption":"Quendor"},"image":{"@id":"https:\/\/troupequendor.fr\/#\/schema\/logo\/image\/"},"sameAs":["https:\/\/www.facebook.com\/share\/1ADNRj7GgD\/?mibextid=wwXIfr","https:\/\/www.instagram.com\/troupequendor?igsh=MTJ0dTk4ZTI3bmV6dw==","https:\/\/www.youtube.com\/@troupequendor8455"]}]}},"mfb_rest_fields":["title","yoast_head","yoast_head_json"],"_links":{"self":[{"href":"https:\/\/troupequendor.fr\/en\/wp-json\/wp\/v2\/pages\/163","targetHints":{"allow":["GET"]}}],"collection":[{"href":"https:\/\/troupequendor.fr\/en\/wp-json\/wp\/v2\/pages"}],"about":[{"href":"https:\/\/troupequendor.fr\/en\/wp-json\/wp\/v2\/types\/page"}],"author":[{"embeddable":true,"href":"https:\/\/troupequendor.fr\/en\/wp-json\/wp\/v2\/users\/1"}],"replies":[{"embeddable":true,"href":"https:\/\/troupequendor.fr\/en\/wp-json\/wp\/v2\/comments?post=163"}],"version-history":[{"count":43,"href":"https:\/\/troupequendor.fr\/en\/wp-json\/wp\/v2\/pages\/163\/revisions"}],"predecessor-version":[{"id":1195,"href":"https:\/\/troupequendor.fr\/en\/wp-json\/wp\/v2\/pages\/163\/revisions\/1195"}],"wp:attachment":[{"href":"https:\/\/troupequendor.fr\/en\/wp-json\/wp\/v2\/media?parent=163"}],"curies":[{"name":"wp","href":"https:\/\/api.w.org\/{rel}","templated":true}]}}